{"id":5480,"date":"2016-06-29T12:24:48","date_gmt":"2016-06-29T12:24:48","guid":{"rendered":"https:\/\/alasdecastilla.com\/?page_id=5480"},"modified":"2026-04-06T08:38:39","modified_gmt":"2026-04-06T08:38:39","slug":"portfolio-masonry","status":"publish","type":"page","link":"https:\/\/alasdecastilla.com\/en\/portfolio-masonry\/","title":{"rendered":"Portfolio (Masonry)"},"content":{"rendered":"<div data-elementor-type=\"wp-page\" data-elementor-id=\"5480\" class=\"elementor elementor-5480\">\n\t\t\t\t<div class=\"elementor-element elementor-element-843ea2d e-flex e-con-boxed e-con e-parent\" data-id=\"843ea2d\" data-element_type=\"container\">\n\t\t\t\t\t<div class=\"e-con-inner\">\n\t\t\t\t<div class=\"elementor-element elementor-element-6f1d83f elementor-widget elementor-widget-text-editor\" data-id=\"6f1d83f\" data-element_type=\"widget\" data-widget_type=\"text-editor.default\">\n\t\t\t\t<div class=\"elementor-widget-container\">\n\t\t\t<style>\/*! elementor - v3.21.0 - 08-05-2024 *\/\n.elementor-widget-text-editor.elementor-drop-cap-view-stacked .elementor-drop-cap{background-color:#69727d;color:#fff}.elementor-widget-text-editor.elementor-drop-cap-view-framed .elementor-drop-cap{color:#69727d;border:3px solid;background-color:transparent}.elementor-widget-text-editor:not(.elementor-drop-cap-view-default) .elementor-drop-cap{margin-top:8px}.elementor-widget-text-editor:not(.elementor-drop-cap-view-default) .elementor-drop-cap-letter{width:1em;height:1em}.elementor-widget-text-editor .elementor-drop-cap{float:left;text-align:center;line-height:1;font-size:50px}.elementor-widget-text-editor .elementor-drop-cap-letter{display:inline-block}<\/style>\t\t\t\t<h3>Descargue la pol\u00edtica de inocuidad de los alimentos y seguridad alimentaria de Alas de Castilla<\/h3><p><a href=\"https:\/\/alasdecastilla.com\/wp-content\/uploads\/2026\/04\/PolCal-1_signed.pdf\">https:\/\/alasdecastilla.com\/wp-content\/uploads\/2026\/04\/PolCal-1_signed.pdf<\/a><\/p>\t\t\t\t\t\t<\/div>\n\t\t\t\t<\/div>\n\t\t\t\t\t<\/div>\n\t\t\t\t<\/div>\n\t\t<div class=\"elementor-element elementor-element-a0a080f e-flex e-con-boxed e-con e-parent\" data-id=\"a0a080f\" data-element_type=\"container\">\n\t\t\t\t\t<div class=\"e-con-inner\">\n\t\t\t\t<div class=\"elementor-element elementor-element-fee459b elementor-widget elementor-widget-heading\" data-id=\"fee459b\" data-element_type=\"widget\" data-widget_type=\"heading.default\">\n\t\t\t\t<div class=\"elementor-widget-container\">\n\t\t\t<style>\/*! elementor - v3.21.0 - 08-05-2024 *\/\n.elementor-heading-title{padding:0;margin:0;line-height:1}.elementor-widget-heading .elementor-heading-title[class*=elementor-size-]>a{color:inherit;font-size:inherit;line-height:inherit}.elementor-widget-heading .elementor-heading-title.elementor-size-small{font-size:15px}.elementor-widget-heading .elementor-heading-title.elementor-size-medium{font-size:19px}.elementor-widget-heading .elementor-heading-title.elementor-size-large{font-size:29px}.elementor-widget-heading .elementor-heading-title.elementor-size-xl{font-size:39px}.elementor-widget-heading .elementor-heading-title.elementor-size-xxl{font-size:59px}<\/style><h2 class=\"elementor-heading-title elementor-size-default\">CERTIFICACI\u00d3N BIOSUISSE<\/h2>\t\t<\/div>\n\t\t\t\t<\/div>\n\t\t\t\t<div class=\"elementor-element elementor-element-add17b2 elementor-widget elementor-widget-text-editor\" data-id=\"add17b2\" data-element_type=\"widget\" data-widget_type=\"text-editor.default\">\n\t\t\t\t<div class=\"elementor-widget-container\">\n\t\t\t\t\t\t\t<h2>Careful production, gentle processing and minimal use of additives guarantee high quality and authentic taste.<\/h2>\t\t\t\t\t\t<\/div>\n\t\t\t\t<\/div>\n\t\t\t\t\t<\/div>\n\t\t\t\t<\/div>\n\t\t<div class=\"elementor-element elementor-element-603bcef e-flex e-con-boxed e-con e-parent\" data-id=\"603bcef\" data-element_type=\"container\">\n\t\t\t\t\t<div class=\"e-con-inner\">\n\t\t\t\t<div class=\"elementor-element elementor-element-3239d6f elementor-widget elementor-widget-image\" data-id=\"3239d6f\" data-element_type=\"widget\" data-widget_type=\"image.default\">\n\t\t\t\t<div class=\"elementor-widget-container\">\n\t\t\t<style>\/*! elementor - v3.21.0 - 08-05-2024 *\/\n.elementor-widget-image{text-align:center}.elementor-widget-image a{display:inline-block}.elementor-widget-image a img[src$=\".svg\"]{width:48px}.elementor-widget-image img{vertical-align:middle;display:inline-block}<\/style>\t\t\t\t\t\t\t\t\t\t<img fetchpriority=\"high\" decoding=\"async\" width=\"768\" height=\"391\" src=\"https:\/\/alasdecastilla.com\/wp-content\/uploads\/2024\/08\/logo_bio_suisse_organic_pos-768x391.jpg\" class=\"attachment-medium_large size-medium_large wp-image-8716\" alt=\"\" srcset=\"https:\/\/alasdecastilla.com\/wp-content\/uploads\/2024\/08\/logo_bio_suisse_organic_pos-768x391.jpg 768w, https:\/\/alasdecastilla.com\/wp-content\/uploads\/2024\/08\/logo_bio_suisse_organic_pos-300x153.jpg 300w, https:\/\/alasdecastilla.com\/wp-content\/uploads\/2024\/08\/logo_bio_suisse_organic_pos-1024x521.jpg 1024w, https:\/\/alasdecastilla.com\/wp-content\/uploads\/2024\/08\/logo_bio_suisse_organic_pos-18x9.jpg 18w, https:\/\/alasdecastilla.com\/wp-content\/uploads\/2024\/08\/logo_bio_suisse_organic_pos-1000x509.jpg 1000w, https:\/\/alasdecastilla.com\/wp-content\/uploads\/2024\/08\/logo_bio_suisse_organic_pos-600x305.jpg 600w, https:\/\/alasdecastilla.com\/wp-content\/uploads\/2024\/08\/logo_bio_suisse_organic_pos.jpg 1081w\" sizes=\"(max-width: 768px) 100vw, 768px\" \/>\t\t\t\t\t\t\t\t\t\t\t\t\t<\/div>\n\t\t\t\t<\/div>\n\t\t\t\t\t<\/div>\n\t\t\t\t<\/div>\n\t\t<div class=\"elementor-element elementor-element-eb60715 e-flex e-con-boxed e-con e-parent\" data-id=\"eb60715\" data-element_type=\"container\">\n\t\t\t\t\t<div class=\"e-con-inner\">\n\t\t<div class=\"elementor-element elementor-element-79a72e0 e-con-full e-flex e-con e-child\" data-id=\"79a72e0\" data-element_type=\"container\">\n\t\t\t\t<div class=\"elementor-element elementor-element-e47a13f elementor-widget elementor-widget-heading\" data-id=\"e47a13f\" data-element_type=\"widget\" data-widget_type=\"heading.default\">\n\t\t\t\t<div class=\"elementor-widget-container\">\n\t\t\t<h2 class=\"elementor-heading-title elementor-size-default\">HEALTHY ENVIRONMENT<\/h2>\t\t<\/div>\n\t\t\t\t<\/div>\n\t\t\t\t<div class=\"elementor-element elementor-element-ec08723 elementor-widget elementor-widget-text-editor\" data-id=\"ec08723\" data-element_type=\"widget\" data-widget_type=\"text-editor.default\">\n\t\t\t\t<div class=\"elementor-widget-container\">\n\t\t\t\t\t\t\t<p>Nature is our livelihood. With fertile soils, clean water, healthy plants and high biodiversity, we guarantee healthy food in the long term. Healthy animals, raised with respect for their species, need less medication and live longer. Organic farming thus contributes to the health of humans and the planet.<\/p>\t\t\t\t\t\t<\/div>\n\t\t\t\t<\/div>\n\t\t\t\t<\/div>\n\t\t<div class=\"elementor-element elementor-element-a3fb3a6 e-con-full e-flex e-con e-child\" data-id=\"a3fb3a6\" data-element_type=\"container\">\n\t\t\t\t<div class=\"elementor-element elementor-element-b672c58 elementor-widget elementor-widget-heading\" data-id=\"b672c58\" data-element_type=\"widget\" data-widget_type=\"heading.default\">\n\t\t\t\t<div class=\"elementor-widget-container\">\n\t\t\t<h2 class=\"elementor-heading-title elementor-size-default\">HEALTHY SOILS. HEALTHY PLANTS<\/h2>\t\t<\/div>\n\t\t\t\t<\/div>\n\t\t\t\t<div class=\"elementor-element elementor-element-5c4cb8d elementor-widget elementor-widget-text-editor\" data-id=\"5c4cb8d\" data-element_type=\"widget\" data-widget_type=\"text-editor.default\">\n\t\t\t\t<div class=\"elementor-widget-container\">\n\t\t\t\t\t\t\t<p>Organic farmers know: healthy soil is irreplaceable and is a prerequisite for healthy plants, healthy animals and therefore healthy food. It is the sustainable basis of our life, stores humus and nutrients, filters water and decomposes plant residues.<\/p>\t\t\t\t\t\t<\/div>\n\t\t\t\t<\/div>\n\t\t\t\t<\/div>\n\t\t<div class=\"elementor-element elementor-element-b51bb8d e-con-full e-flex e-con e-child\" data-id=\"b51bb8d\" data-element_type=\"container\">\n\t\t\t\t<div class=\"elementor-element elementor-element-e914cb4 elementor-widget elementor-widget-heading\" data-id=\"e914cb4\" data-element_type=\"widget\" data-widget_type=\"heading.default\">\n\t\t\t\t<div class=\"elementor-widget-container\">\n\t\t\t<h2 class=\"elementor-heading-title elementor-size-default\">WATER IS THE SOURCE OF LIFE<\/h2>\t\t<\/div>\n\t\t\t\t<\/div>\n\t\t\t\t<div class=\"elementor-element elementor-element-c5dd8b4 elementor-widget elementor-widget-text-editor\" data-id=\"c5dd8b4\" data-element_type=\"widget\" data-widget_type=\"text-editor.default\">\n\t\t\t\t<div class=\"elementor-widget-container\">\n\t\t\t\t\t\t\t<p>Water is an increasingly precious resource. In many places water is scarce or polluted. Organic farming ensures that water remains clean in a sustainable way. By forgoing the use of synthetic pesticides and fertilizers, it does not release toxic substances into the environment.<\/p>\t\t\t\t\t\t<\/div>\n\t\t\t\t<\/div>\n\t\t\t\t<\/div>\n\t\t<div class=\"elementor-element elementor-element-aa98eb7 e-con-full e-flex e-con e-child\" data-id=\"aa98eb7\" data-element_type=\"container\">\n\t\t\t\t<div class=\"elementor-element elementor-element-899691c elementor-widget elementor-widget-heading\" data-id=\"899691c\" data-element_type=\"widget\" data-widget_type=\"heading.default\">\n\t\t\t\t<div class=\"elementor-widget-container\">\n\t\t\t<h2 class=\"elementor-heading-title elementor-size-default\">ORGANIC PROTECTS THE CLIMATE<\/h2>\t\t<\/div>\n\t\t\t\t<\/div>\n\t\t\t\t<div class=\"elementor-element elementor-element-9a05e2d elementor-widget elementor-widget-text-editor\" data-id=\"9a05e2d\" data-element_type=\"widget\" data-widget_type=\"text-editor.default\">\n\t\t\t\t<div class=\"elementor-widget-container\">\n\t\t\t\t\t\t\t<p>Al proteger los suelos y promover su fertilidad, los agricultores org\u00e1nicos aumentan el contenido de humus del suelo y as\u00ed le permiten almacenar m\u00e1s CO\u2082, que es perjudicial para el clima. Todo el sistema, sobre todo porque no recurre al uso de fertilizantes sint\u00e9ticos, ahorra recursos y energ\u00eda.<\/p>\t\t\t\t\t\t<\/div>\n\t\t\t\t<\/div>\n\t\t\t\t<\/div>\n\t\t\t\t\t<\/div>\n\t\t\t\t<\/div>\n\t\t<div class=\"elementor-element elementor-element-9d7a60f e-flex e-con-boxed e-con e-parent\" data-id=\"9d7a60f\" data-element_type=\"container\">\n\t\t\t\t\t<div class=\"e-con-inner\">\n\t\t\t\t<div class=\"elementor-element elementor-element-363187d elementor-widget elementor-widget-heading\" data-id=\"363187d\" data-element_type=\"widget\" data-widget_type=\"heading.default\">\n\t\t\t\t<div class=\"elementor-widget-container\">\n\t\t\t<h2 class=\"elementor-heading-title elementor-size-default\">EUROPEAN ORGANIC CERTIFICATE<\/h2>\t\t<\/div>\n\t\t\t\t<\/div>\n\t\t\t\t\t<\/div>\n\t\t\t\t<\/div>\n\t\t<div class=\"elementor-element elementor-element-c270aad e-flex e-con-boxed e-con e-parent\" data-id=\"c270aad\" data-element_type=\"container\">\n\t\t\t\t\t<div class=\"e-con-inner\">\n\t\t\t\t<div class=\"elementor-element elementor-element-12a3e7b elementor-widget elementor-widget-image\" data-id=\"12a3e7b\" data-element_type=\"widget\" data-widget_type=\"image.default\">\n\t\t\t\t<div class=\"elementor-widget-container\">\n\t\t\t\t\t\t\t\t\t\t\t\t\t<img decoding=\"async\" width=\"768\" height=\"768\" src=\"https:\/\/alasdecastilla.com\/wp-content\/uploads\/2023\/12\/Logo-Ecologico-Europeo-1-768x768.jpg\" class=\"attachment-medium_large size-medium_large wp-image-8223\" alt=\"\" srcset=\"https:\/\/alasdecastilla.com\/wp-content\/uploads\/2023\/12\/Logo-Ecologico-Europeo-1-768x768.jpg 768w, https:\/\/alasdecastilla.com\/wp-content\/uploads\/2023\/12\/Logo-Ecologico-Europeo-1-300x300.jpg 300w, https:\/\/alasdecastilla.com\/wp-content\/uploads\/2023\/12\/Logo-Ecologico-Europeo-1-150x150.jpg 150w, https:\/\/alasdecastilla.com\/wp-content\/uploads\/2023\/12\/Logo-Ecologico-Europeo-1-12x12.jpg 12w, https:\/\/alasdecastilla.com\/wp-content\/uploads\/2023\/12\/Logo-Ecologico-Europeo-1-280x280.jpg 280w, https:\/\/alasdecastilla.com\/wp-content\/uploads\/2023\/12\/Logo-Ecologico-Europeo-1-560x560.jpg 560w, https:\/\/alasdecastilla.com\/wp-content\/uploads\/2023\/12\/elementor\/thumbs\/Logo-Ecologico-Europeo-1-qgzn2xqyun45m8pbh0l82nzoj5otvz929oqrpm0ghc.jpg 600w, https:\/\/alasdecastilla.com\/wp-content\/uploads\/2023\/12\/Logo-Ecologico-Europeo-1-800x800.jpg 800w, https:\/\/alasdecastilla.com\/wp-content\/uploads\/2023\/12\/Logo-Ecologico-Europeo-1.jpg 1000w\" sizes=\"(max-width: 768px) 100vw, 768px\" \/>\t\t\t\t\t\t\t\t\t\t\t\t\t<\/div>\n\t\t\t\t<\/div>\n\t\t\t\t\t<\/div>\n\t\t\t\t<\/div>\n\t\t<div class=\"elementor-element elementor-element-5fcb03f e-flex e-con-boxed e-con e-parent\" data-id=\"5fcb03f\" data-element_type=\"container\">\n\t\t\t\t\t<div class=\"e-con-inner\">\n\t\t\t\t<div class=\"elementor-element elementor-element-49573a5 elementor-widget elementor-widget-text-editor\" data-id=\"49573a5\" data-element_type=\"widget\" data-widget_type=\"text-editor.default\">\n\t\t\t\t<div class=\"elementor-widget-container\">\n\t\t\t\t\t\t\t<h3>At Alas de Castilla, the agri-food production and management systems are based on respect for the environment, the use of natural methods, the promotion of biodiversity, the preservation of natural resources, animal welfare and production in accordance with consumer preferences for food obtained from natural substances and processes.<\/h3>\t\t\t\t\t\t<\/div>\n\t\t\t\t<\/div>\n\t\t\t\t\t<\/div>\n\t\t\t\t<\/div>\n\t\t<div class=\"elementor-element elementor-element-8704890 e-flex e-con-boxed e-con e-parent\" data-id=\"8704890\" data-element_type=\"container\">\n\t\t\t\t\t<div class=\"e-con-inner\">\n\t\t\t\t<div class=\"elementor-element elementor-element-fb1217f elementor-widget elementor-widget-heading\" data-id=\"fb1217f\" data-element_type=\"widget\" data-widget_type=\"heading.default\">\n\t\t\t\t<div class=\"elementor-widget-container\">\n\t\t\t<h2 class=\"elementor-heading-title elementor-size-default\">ADVANTAGES <\/h2>\t\t<\/div>\n\t\t\t\t<\/div>\n\t\t\t\t\t<\/div>\n\t\t\t\t<\/div>\n\t\t<div class=\"elementor-element elementor-element-83f627e e-flex e-con-boxed e-con e-parent\" data-id=\"83f627e\" data-element_type=\"container\">\n\t\t\t\t\t<div class=\"e-con-inner\">\n\t\t<div class=\"elementor-element elementor-element-e00c05d e-con-full e-flex e-con e-child\" data-id=\"e00c05d\" data-element_type=\"container\">\n\t\t\t\t<div class=\"elementor-element elementor-element-9e72ce8 elementor-widget elementor-widget-text-editor\" data-id=\"9e72ce8\" data-element_type=\"widget\" data-widget_type=\"text-editor.default\">\n\t\t\t\t<div class=\"elementor-widget-container\">\n\t\t\t\t\t\t\t<p>Organic farming is a production method whose objective is to obtain food using natural substances and processes. Therefore, organic farming tends to have a limited environmental impact, since it promotes:<\/p><p><strong style=\"color: #000000; font-size: 14px; font-family: var( --e-global-typography-text-font-family ), Sans-serif; text-align: var(--text-align);\">\u00a0<i class=\"icofont-check-circled\"><\/i>The responsible use of energy and natural resources;<\/strong><\/p><p><strong style=\"color: #000000; font-size: 14px; font-family: var( --e-global-typography-text-font-family ), Sans-serif; text-align: var(--text-align);\">\u00a0Preservation of biodiversity;<\/strong><\/p><p><strong style=\"color: #000000; font-size: 14px; font-family: var( --e-global-typography-text-font-family ), Sans-serif; text-align: var(--text-align);\">The conservation of regional ecological balances;<\/strong><\/p><p><strong style=\"color: #000000; font-size: 14px; font-family: var( --e-global-typography-text-font-family ), Sans-serif; text-align: var(--text-align);\">Improving soil fertility;<\/strong><\/p><p><strong style=\"color: #000000; font-size: 14px; font-family: var( --e-global-typography-text-font-family ), Sans-serif; text-align: var(--text-align);\">Preservation of quality water;<\/strong><\/p><p>Furthermore, organic farming standards pursue a high level of animal welfare and require farmers to respect specific behavioral habits of animals.<\/p>\t\t\t\t\t\t<\/div>\n\t\t\t\t<\/div>\n\t\t\t\t<\/div>\n\t\t<div class=\"elementor-element elementor-element-83faf9c e-con-full e-flex e-con e-child\" data-id=\"83faf9c\" data-element_type=\"container\">\n\t\t\t\t<div class=\"elementor-element elementor-element-9da0a90 elementor-widget elementor-widget-wpzoom-elementor-addons-image-box\" data-id=\"9da0a90\" data-element_type=\"widget\" data-widget_type=\"wpzoom-elementor-addons-image-box.default\">\n\t\t\t\t<div class=\"elementor-widget-container\">\n\t\t\t\t\t<div class=\"wpzoom-elementor-addons-image-box\">\n\t\t\t<h3>\n\t\t\t\t<span class=\"wpzoom-elementor-addons-image-box-link not-linked has-image\" style=\"background-image:url('https:\/\/alasdecastilla.com\/wp-content\/uploads\/2023\/11\/cropped-pexels-kelly-lacy-2876511.jpg');\"><span><\/span><\/span>\t\t\t<\/h3>\n\t\t<\/div><!-- \/\/.wpzoom-elementor-addons-image-box -->\n\t\t\t\t<\/div>\n\t\t\t\t<\/div>\n\t\t\t\t<\/div>\n\t\t\t\t\t<\/div>\n\t\t\t\t<\/div>\n\t\t\t\t<\/div>","protected":false},"excerpt":{"rendered":"<p>Descargue la pol\u00edtica de inocuidad de los alimentos y seguridad alimentaria de Alas de Castilla https:\/\/alasdecastilla.com\/wp-content\/uploads\/2026\/04\/PolCal-1_signed.pdf CERTIFICACI\u00d3N BIOSUISSE Una producci\u00f3n cuidadosa, un procesamiento cuidadoso y un uso m\u00ednimo de aditivos garantizan una alta calidad y un sabor aut\u00e9ntico. AMBIENTE SALUDABLE La naturaleza es nuestro medio de vida. Con suelos f\u00e9rtiles, agua limpia, plantas sanas y una alta biodiversidad, garantizamos una alimentaci\u00f3n sana a largo plazo. Los animales sanos, criados con respeto a su especie, necesitan [&hellip;]<\/p>","protected":false},"author":1,"featured_media":0,"parent":0,"menu_order":0,"comment_status":"closed","ping_status":"closed","template":"elementor_header_footer","meta":{"footnotes":""},"class_list":["post-5480","page","type-page","status-publish","hentry"],"amp_enabled":false,"_links":{"self":[{"href":"https:\/\/alasdecastilla.com\/en\/wp-json\/wp\/v2\/pages\/5480","targetHints":{"allow":["GET"]}}],"collection":[{"href":"https:\/\/alasdecastilla.com\/en\/wp-json\/wp\/v2\/pages"}],"about":[{"href":"https:\/\/alasdecastilla.com\/en\/wp-json\/wp\/v2\/types\/page"}],"author":[{"embeddable":true,"href":"https:\/\/alasdecastilla.com\/en\/wp-json\/wp\/v2\/users\/1"}],"replies":[{"embeddable":true,"href":"https:\/\/alasdecastilla.com\/en\/wp-json\/wp\/v2\/comments?post=5480"}],"version-history":[{"count":87,"href":"https:\/\/alasdecastilla.com\/en\/wp-json\/wp\/v2\/pages\/5480\/revisions"}],"predecessor-version":[{"id":8940,"href":"https:\/\/alasdecastilla.com\/en\/wp-json\/wp\/v2\/pages\/5480\/revisions\/8940"}],"wp:attachment":[{"href":"https:\/\/alasdecastilla.com\/en\/wp-json\/wp\/v2\/media?parent=5480"}],"curies":[{"name":"wp","href":"https:\/\/api.w.org\/{rel}","templated":true}]}}